{"id":23,"date":"2021-04-02T17:08:15","date_gmt":"2021-04-02T17:08:15","guid":{"rendered":"http:\/\/lowweeklypayments.com\/?page_id=23"},"modified":"2022-04-27T10:12:57","modified_gmt":"2022-04-27T15:12:57","slug":"about-us","status":"publish","type":"page","link":"https:\/\/lowweeklypayments.com\/es\/about-us\/","title":{"rendered":"Acerca de nosotros"},"content":{"rendered":"<div class=\"wpb-content-wrapper\"><section class=\"vc_section\"><div class=\"vc_row wpb_row vc_row-fluid\"><div class=\"wpb_column vc_column_container vc_col-sm-12\"><div class=\"vc_column-inner\"><div class=\"wpb_wrapper\">\n\t<div class=\"wpb_text_column wpb_content_element\" >\n\t\t<div class=\"wpb_wrapper\">\n\t\t\t<p>LowWeeklyPayments se fund\u00f3 con la idea de habilitar el modelo de alquiler con opci\u00f3n a compra para todos. No intentamos venderle nuestros productos. En su lugar, elige los productos que desee de cualquiera de las tiendas participantes en nuestro programa y nosotros los compramos espec\u00edficamente para usted. Compramos casi cualquier producto que desee y lo agregamos a un contrato de alquiler con opci\u00f3n a compra para usted. Las cuentas de nuevos productos se aprueban en 24 horas y luego solo pasa a buscar el producto a la tienda que usted eligi\u00f3. \u00a1Es as\u00ed de simple!.<\/p>\n<p>La mayor\u00eda de las empresas de alquiler con opci\u00f3n a compra tienen una cosa en com\u00fan: todas est\u00e1n tratando de que usted compre sus productos. Desde los inicios de la industria del alquiler con opci\u00f3n a compra, todas las empresas siguieron el mismo modelo: compran un inventario de productos y luego ofrecen ese producto a sus clientes. Sin embargo, en la econom\u00eda online actual, donde se puede encontrar todo y comprar cualquier cosa, ese modelo nos pareci\u00f3 insuficiente.<\/p>\n<p>Sin embargo, fuimos un paso m\u00e1s all\u00e1. No solo dejamos que nuestros clientes elijan los productos que deseen, sino que tambi\u00e9n garantizamos el precio m\u00e1s bajo de cualquier acuerdo de alquiler con opci\u00f3n a compra. \u00a1Ni siquiera tiene que ser exactamente el mismo producto! Si usted tiene un acuerdo de alquiler con opci\u00f3n a compra activo con cualquier competidor, mejoraremos el precio total del acuerdo en al menos un 10% en un producto de igual valor y condici\u00f3n.<\/p>\n\n\t\t<\/div>\n\t<\/div>\n<\/div><\/div><\/div><\/div><\/section>\n<\/div>","protected":false},"excerpt":{"rendered":"<p>Most every rent-to-own company has one thing in common: they\u2019re all trying to get you to buy their stuff. Since the beginnings of the rent-to-own industry, all companies have followed the same model; they buy an inventory of products and then offer those products to their customers. In today\u2019s online economy, however, where you can&hellip;<\/p>","protected":false},"author":1,"featured_media":0,"parent":0,"menu_order":0,"comment_status":"closed","ping_status":"closed","template":"","meta":{"footnotes":""},"class_list":["post-23","page","type-page","status-publish","hentry","description-off"],"_links":{"self":[{"href":"https:\/\/lowweeklypayments.com\/es\/wp-json\/wp\/v2\/pages\/23","targetHints":{"allow":["GET"]}}],"collection":[{"href":"https:\/\/lowweeklypayments.com\/es\/wp-json\/wp\/v2\/pages"}],"about":[{"href":"https:\/\/lowweeklypayments.com\/es\/wp-json\/wp\/v2\/types\/page"}],"author":[{"embeddable":true,"href":"https:\/\/lowweeklypayments.com\/es\/wp-json\/wp\/v2\/users\/1"}],"replies":[{"embeddable":true,"href":"https:\/\/lowweeklypayments.com\/es\/wp-json\/wp\/v2\/comments?post=23"}],"version-history":[{"count":3,"href":"https:\/\/lowweeklypayments.com\/es\/wp-json\/wp\/v2\/pages\/23\/revisions"}],"predecessor-version":[{"id":275,"href":"https:\/\/lowweeklypayments.com\/es\/wp-json\/wp\/v2\/pages\/23\/revisions\/275"}],"wp:attachment":[{"href":"https:\/\/lowweeklypayments.com\/es\/wp-json\/wp\/v2\/media?parent=23"}],"curies":[{"name":"wp","href":"https:\/\/api.w.org\/{rel}","templated":true}]}}