{"id":32,"date":"2021-04-02T17:30:26","date_gmt":"2021-04-02T17:30:26","guid":{"rendered":"http:\/\/lowweeklypayments.com\/?page_id=32"},"modified":"2024-10-14T10:13:36","modified_gmt":"2024-10-14T15:13:36","slug":"how-doesit-work","status":"publish","type":"page","link":"https:\/\/lowweeklypayments.com\/es\/how-doesit-work\/","title":{"rendered":"\u00bfC\u00f3mo funciona?"},"content":{"rendered":"<div class=\"wpb-content-wrapper\"><section class=\"vc_section\"><div class=\"vc_row wpb_row vc_row-fluid vc_column-gap-25\"><div class=\"wpb_column vc_column_container vc_col-sm-4\"><div class=\"vc_column-inner\"><div class=\"wpb_wrapper\">\n\t<div  class=\"wpb_single_image wpb_content_element vc_align_left\">\n\t\t\n\t\t<figure class=\"wpb_wrapper vc_figure\">\n\t\t\t<div class=\"vc_single_image-wrapper   vc_box_border_grey\"><img loading=\"lazy\" decoding=\"async\" width=\"400\" height=\"321\" src=\"https:\/\/lowweeklypayments.com\/wp-content\/uploads\/2021\/06\/lwp_icon-1-escoge.png\" class=\"vc_single_image-img attachment-full\" alt=\"\" title=\"lwp_icon-1-choose-\" srcset=\"https:\/\/lowweeklypayments.com\/wp-content\/uploads\/2021\/06\/lwp_icon-1-escoge.png 400w, https:\/\/lowweeklypayments.com\/wp-content\/uploads\/2021\/06\/lwp_icon-1-escoge-300x240.png 300w, https:\/\/lowweeklypayments.com\/wp-content\/uploads\/2021\/06\/lwp_icon-1-escoge-16x12.png 16w\" sizes=\"auto, (max-width: 400px) 100vw, 400px\"  data-dt-location=\"https:\/\/lowweeklypayments.com\/es\/how-doesit-work\/lwp_icon-1-choose\/\" \/><\/div>\n\t\t<\/figure>\n\t<\/div>\n\n\t<div class=\"wpb_text_column wpb_content_element\" >\n\t\t<div class=\"wpb_wrapper\">\n\t\t\t<p>Encuentre el producto exacto que desea comprar en cualquiera de nuestras tiendas participantes e ingrese los detalles del producto, el precio del producto y especifique en qu\u00e9 tienda desea comprar el producto. Puede comenzar a ingresar esta informaci\u00f3n <a href=\"https:\/\/lowweeklypayments.com\/es\/apply-now-new\/\">aqu\u00ed<\/a>.<\/p>\n\n\t\t<\/div>\n\t<\/div>\n<\/div><\/div><\/div><div class=\"wpb_column vc_column_container vc_col-sm-4\"><div class=\"vc_column-inner\"><div class=\"wpb_wrapper\">\n\t<div  class=\"wpb_single_image wpb_content_element vc_align_left\">\n\t\t\n\t\t<figure class=\"wpb_wrapper vc_figure\">\n\t\t\t<div class=\"vc_single_image-wrapper   vc_box_border_grey\"><img loading=\"lazy\" decoding=\"async\" width=\"400\" height=\"321\" src=\"https:\/\/lowweeklypayments.com\/wp-content\/uploads\/2022\/05\/lwp_icon-2-completa-la-solicitud-en-linea.png\" class=\"vc_single_image-img attachment-full\" alt=\"\" title=\"2-complete-online-application\" srcset=\"https:\/\/lowweeklypayments.com\/wp-content\/uploads\/2022\/05\/lwp_icon-2-completa-la-solicitud-en-linea.png 1747w, https:\/\/lowweeklypayments.com\/wp-content\/uploads\/2022\/05\/lwp_icon-2-completa-la-solicitud-en-linea-300x240.png 300w, https:\/\/lowweeklypayments.com\/wp-content\/uploads\/2022\/05\/lwp_icon-2-completa-la-solicitud-en-linea-1024x821.png 1024w, https:\/\/lowweeklypayments.com\/wp-content\/uploads\/2022\/05\/lwp_icon-2-completa-la-solicitud-en-linea-768x615.png 768w, https:\/\/lowweeklypayments.com\/wp-content\/uploads\/2022\/05\/lwp_icon-2-completa-la-solicitud-en-linea-1536x1231.png 1536w, https:\/\/lowweeklypayments.com\/wp-content\/uploads\/2022\/05\/lwp_icon-2-completa-la-solicitud-en-linea-15x12.png 15w\" sizes=\"auto, (max-width: 400px) 100vw, 400px\"  data-dt-location=\"https:\/\/lowweeklypayments.com\/es\/how-doesit-work\/2-complete-online-application\/\" \/><\/div>\n\t\t<\/figure>\n\t<\/div>\n\n\t<div class=\"wpb_text_column wpb_content_element\" >\n\t\t<div class=\"wpb_wrapper\">\n\t\t\t<p>Complete tantos campos como pueda en el formulario de solicitud. No todos los campos son obligatorios y no todos los campos ser\u00e1n relevantes para todos los solicitantes. Tenga en cuenta, sin embargo, que cuanta m\u00e1s informaci\u00f3n proporcione, m\u00e1s f\u00e1cil ser\u00e1 para LowWeeklyPayments procesar su solicitud. Puede comenzar su solicitud <a href=\"https:\/\/lowweeklypayments.com\/es\/apply-now-new\/\">aqu\u00ed<\/a>.<\/p>\n\n\t\t<\/div>\n\t<\/div>\n<\/div><\/div><\/div><div class=\"wpb_column vc_column_container vc_col-sm-4\"><div class=\"vc_column-inner\"><div class=\"wpb_wrapper\">\n\t<div  class=\"wpb_single_image wpb_content_element vc_align_left\">\n\t\t\n\t\t<figure class=\"wpb_wrapper vc_figure\">\n\t\t\t<div class=\"vc_single_image-wrapper   vc_box_border_grey\"><img loading=\"lazy\" decoding=\"async\" width=\"400\" height=\"321\" src=\"https:\/\/lowweeklypayments.com\/wp-content\/uploads\/2022\/05\/lwp_icon-3-firma-contrato-1.png\" class=\"vc_single_image-img attachment-full\" alt=\"\" title=\"3-sign-agreement-and-enjoy\" srcset=\"https:\/\/lowweeklypayments.com\/wp-content\/uploads\/2022\/05\/lwp_icon-3-firma-contrato-1.png 1747w, https:\/\/lowweeklypayments.com\/wp-content\/uploads\/2022\/05\/lwp_icon-3-firma-contrato-1-300x240.png 300w, https:\/\/lowweeklypayments.com\/wp-content\/uploads\/2022\/05\/lwp_icon-3-firma-contrato-1-1024x821.png 1024w, https:\/\/lowweeklypayments.com\/wp-content\/uploads\/2022\/05\/lwp_icon-3-firma-contrato-1-768x615.png 768w, https:\/\/lowweeklypayments.com\/wp-content\/uploads\/2022\/05\/lwp_icon-3-firma-contrato-1-1536x1231.png 1536w, https:\/\/lowweeklypayments.com\/wp-content\/uploads\/2022\/05\/lwp_icon-3-firma-contrato-1-15x12.png 15w\" sizes=\"auto, (max-width: 400px) 100vw, 400px\"  data-dt-location=\"https:\/\/lowweeklypayments.com\/es\/how-doesit-work\/3-sign-agreement-and-enjoy\/\" \/><\/div>\n\t\t<\/figure>\n\t<\/div>\n\n\t<div class=\"wpb_text_column wpb_content_element\" >\n\t\t<div class=\"wpb_wrapper\">\n\t\t\t<p>LowWeeklyPayments procesar\u00e1 todas las solicitudes dentro de las 24 horas o menos.<\/p>\n<p>Recibir\u00e1 una confirmaci\u00f3n de aprobaci\u00f3n por correo electr\u00f3nico con m\u00e1s instrucciones.<\/p>\n<p>na vez aprobado, LowWeeklyPayments comprar\u00e1 su producto en la tienda que seleccion\u00f3 y confirmar\u00e1 cuando su nuevo producto est\u00e9 listo para que lo recoja en la tienda.<\/p>\n\n\t\t<\/div>\n\t<\/div>\n<\/div><\/div><\/div><\/div><\/section>\n<\/div>","protected":false},"excerpt":{"rendered":"<p>Find the exact product you want to buy in any of our participating retail stores and enter the product details, the product\u2019s price and specify from what retail store you wish to purchase the product. You can begin entering this information here. Please complete as many fields as you can in the application form. Not&hellip;<\/p>","protected":false},"author":1,"featured_media":0,"parent":0,"menu_order":0,"comment_status":"closed","ping_status":"closed","template":"","meta":{"footnotes":""},"class_list":["post-32","page","type-page","status-publish","hentry","description-off"],"_links":{"self":[{"href":"https:\/\/lowweeklypayments.com\/es\/wp-json\/wp\/v2\/pages\/32","targetHints":{"allow":["GET"]}}],"collection":[{"href":"https:\/\/lowweeklypayments.com\/es\/wp-json\/wp\/v2\/pages"}],"about":[{"href":"https:\/\/lowweeklypayments.com\/es\/wp-json\/wp\/v2\/types\/page"}],"author":[{"embeddable":true,"href":"https:\/\/lowweeklypayments.com\/es\/wp-json\/wp\/v2\/users\/1"}],"replies":[{"embeddable":true,"href":"https:\/\/lowweeklypayments.com\/es\/wp-json\/wp\/v2\/comments?post=32"}],"version-history":[{"count":29,"href":"https:\/\/lowweeklypayments.com\/es\/wp-json\/wp\/v2\/pages\/32\/revisions"}],"predecessor-version":[{"id":778,"href":"https:\/\/lowweeklypayments.com\/es\/wp-json\/wp\/v2\/pages\/32\/revisions\/778"}],"wp:attachment":[{"href":"https:\/\/lowweeklypayments.com\/es\/wp-json\/wp\/v2\/media?parent=32"}],"curies":[{"name":"wp","href":"https:\/\/api.w.org\/{rel}","templated":true}]}}