{"id":61,"date":"2021-04-02T23:05:09","date_gmt":"2021-04-02T23:05:09","guid":{"rendered":"http:\/\/lowweeklypayments.com\/?page_id=61"},"modified":"2022-12-01T15:36:50","modified_gmt":"2022-12-01T20:36:50","slug":"faqs","status":"publish","type":"page","link":"https:\/\/lowweeklypayments.com\/es\/faqs\/","title":{"rendered":"Preguntas y respuestas frecuentes"},"content":{"rendered":"<div class=\"wpb-content-wrapper\"><section class=\"vc_section\"><div class=\"vc_row wpb_row vc_row-fluid\"><div class=\"wpb_column vc_column_container vc_col-sm-12\"><div class=\"vc_column-inner\"><div class=\"wpb_wrapper\">\n\t<div class=\"wpb_text_column wpb_content_element\" >\n\t\t<div class=\"wpb_wrapper\">\n\t\t\t<p>1.) What is the pricing policy for LowWeeklyPayments?<br \/>\n\u2022 LowWeeklyPayments offers the BEST pricing options of any Rent-To-Own (RTO) program in the country<\/p>\n<p>\u2022 We Guarantee we will beat any other RTO program\u2019s total contract price by at least 10% or more.<\/p>\n<p>2.) What payment options does LowWeeklyPayments offer?<br \/>\nALL accounts are given 3 payment options detailed in all of our rent-to-own agreements:<\/p>\n<p>1. A 90 day same-as-cash price.<\/p>\n<p>2. Early payment option, where, after the first 90 days, customers will have the option to pay-off their account early, anytime, with a one-time payment at a 40% discount of their remaining balance at the time of payment.<\/p>\n<p>3. A guaranteed best price for the full contract term<\/p>\n<p>3.) That is the LowWeeklyPayments \u201cBest Price Guarantee\u201d?<br \/>\nLWP is the most affordable RTO program in the market, period. We are so sure of this that we guarantee we\u2019ll beat the total contract price of any competing RTO offer by at least 10%.<\/p>\n<p>4.) What are the core CUSTOMER BENEFITS of LowWeeklyPayments?<br \/>\n\u2022 We do not require a Social Security number<br \/>\n\u2022 We do not require a bank account<br \/>\n\u2022 No Credit Check<br \/>\n\u2022 Customers can make their weekly payments in cash at the store<br \/>\n\u2022 Fast, in-store application either online or with new paper applications<\/p>\n<p>5.) Is LowWeeklyPayments\u2019 approval based on my Credit Score?<br \/>\nNo. De hecho, el cr\u00e9dito de un cliente no se ejecuta ni se verifica. La aprobaci\u00f3n se basa completamente en el formulario de solicitud.<\/p>\n<p>6.) If approved, do I have to pay for shipping of the product I was approved for?<br \/>\nNo. Se le notificar\u00e1 cuando su producto est\u00e9 listo para ser recogido en la tienda que usted eligi\u00f3.<\/p>\n<p>7.) Can I buy any product I want through LowWeeklyPayments?<br \/>\nEn su mayor\u00eda, s\u00ed. Si se aprueba, compraremos la mayor\u00eda de los productos vendidos en cualquiera de nuestras tiendas participantes para usted. Excepciones incluyen cualquier art\u00edculo perecedero o consumible, as\u00ed como productos con tama\u00f1os espec\u00edficos, como art\u00edculos personales o prendas de vestir. Estos art\u00edculos no son elegibles. Todos los productos est\u00e1n aprobados individualmente.<\/p>\n<p>8.) What information is needed from me to complete the application form?<br \/>\nForms have 5 basic elements:<br \/>\n\u2022 Store Information<br \/>\n\u2022 Product Information<br \/>\n\u2022 Personal Information<br \/>\n\u2022 Source of income<br \/>\n\u2022 Personal references<\/p>\n<p>9.) What documents will LowWeeklyPayments ask from me?<br \/>\nWe will ask for a government-issued identification (such as a driver\u2019s license) and for some form of income verification (such as a paystub or paycheck).<\/p>\n<p>If there is any missing information in the application, or information we were not able to verify, we may ask for additional documents intended to confirm identity or income. Because each application is reviewed individually, the final list of documents required for any particular account may vary from one application to another.<\/p>\n<p>10.) Does LowWeeklyPayments offer used or refurbish items?<br \/>\nNot usually. LowWeeklyPayments typically only does rent-to-own agreements for new items. However, exceptions may be made for some refurbished items if the product is being sold with its original warranty or guarantees from the original manufacturer of the product.<\/p>\n<p>11.) What is LowWeeklyPayment\u2019s Return Policy?<br \/>\nAll items are returnable, no questions asked, after at least 4 weeks have been paid. We also don\u2019t have a Return Fee of any kind.<\/p>\n<p>12.) What is the service or repair policy?<br \/>\nMost products purchased through LowWeeklyPayments will have a minimum of 12 months guarantee with the manufacturer. Any required services or repairs necessary because of a manufacturer defect or problem are covered 100% free of charge and will be taken care of for you.<\/p>\n<p>13.) How do I pay my low weekly payment?<br \/>\nPayments will typically be set up automatically with each customer\u2019s credit card information or, in some cases, may be done by calling our service center the day payment is due. Account holders may also pay their LowWeeklyPayments accounts in Cash at the store where the product was purchased.<\/p>\n<p>14.) How do I get approved for more products?<br \/>\nLowWeeklyPayments evaluar\u00e1 regularmente las cuentas de los clientes y notificar\u00e1 a todos los clientes que puedan calificar para un segundo producto o acuerdo.<\/p>\n\n\t\t<\/div>\n\t<\/div>\n<\/div><\/div><\/div><\/div><\/section>\n<\/div>","protected":false},"excerpt":{"rendered":"<p>1.) What is the pricing policy for LowWeeklyPayments? \u2022 LowWeeklyPayments offers the BEST pricing options of any Rent-To-Own (RTO) program in the country \u2022 We Guarantee we will beat any other RTO program\u2019s total contract price by at least 10% or more. 2.) What payment options does LowWeeklyPayments offer? ALL accounts are given 3 payment&hellip;<\/p>","protected":false},"author":1,"featured_media":0,"parent":0,"menu_order":0,"comment_status":"closed","ping_status":"closed","template":"","meta":{"footnotes":""},"class_list":["post-61","page","type-page","status-publish","hentry","description-off"],"_links":{"self":[{"href":"https:\/\/lowweeklypayments.com\/es\/wp-json\/wp\/v2\/pages\/61","targetHints":{"allow":["GET"]}}],"collection":[{"href":"https:\/\/lowweeklypayments.com\/es\/wp-json\/wp\/v2\/pages"}],"about":[{"href":"https:\/\/lowweeklypayments.com\/es\/wp-json\/wp\/v2\/types\/page"}],"author":[{"embeddable":true,"href":"https:\/\/lowweeklypayments.com\/es\/wp-json\/wp\/v2\/users\/1"}],"replies":[{"embeddable":true,"href":"https:\/\/lowweeklypayments.com\/es\/wp-json\/wp\/v2\/comments?post=61"}],"version-history":[{"count":5,"href":"https:\/\/lowweeklypayments.com\/es\/wp-json\/wp\/v2\/pages\/61\/revisions"}],"predecessor-version":[{"id":470,"href":"https:\/\/lowweeklypayments.com\/es\/wp-json\/wp\/v2\/pages\/61\/revisions\/470"}],"wp:attachment":[{"href":"https:\/\/lowweeklypayments.com\/es\/wp-json\/wp\/v2\/media?parent=61"}],"curies":[{"name":"wp","href":"https:\/\/api.w.org\/{rel}","templated":true}]}}