{"id":69,"date":"2021-04-02T23:18:08","date_gmt":"2021-04-02T23:18:08","guid":{"rendered":"http:\/\/lowweeklypayments.com\/?page_id=69"},"modified":"2021-04-13T17:47:33","modified_gmt":"2021-04-13T22:47:33","slug":"valid-required-documents","status":"publish","type":"page","link":"https:\/\/lowweeklypayments.com\/es\/valid-required-documents\/","title":{"rendered":"Documentos que podemos solicitar"},"content":{"rendered":"<div class=\"wpb-content-wrapper\"><section class=\"vc_section\"><div class=\"vc_row wpb_row vc_row-fluid\"><div class=\"wpb_column vc_column_container vc_col-sm-12\"><div class=\"vc_column-inner\"><div class=\"wpb_wrapper\">\n\t<div class=\"wpb_text_column wpb_content_element\" >\n\t\t<div class=\"wpb_wrapper\">\n\t\t\t<p>LowWeeklyPayments nunca ejecutar\u00e1 su cr\u00e9dito. Tras la revisi\u00f3n de su solicitud, podemos solicitar documentos adicionales para verificar algunos detalles. Estos documentos pueden incluir lo siguiente<\/p>\n<ul>\n<li>Emisi\u00f3n de identificaci\u00f3n con foto v\u00e1lida por una entidad del gobierno federal o estatal de EE. UU.<\/li>\n<li>Copia del \u00faltimo cheque de pago<\/li>\n<li>Copia del contrato de arrendamiento o alquiler<\/li>\n<li>Copia de la matr\u00edcula v\u00e1lida del carro<\/li>\n<li>Copia de la factura del servicio (luz, cable o agua)<\/li>\n<li>Copia de la tarjeta del Seguro Social<\/li>\n<li>Copia de la carta de beneficios del Seguro Social<\/li>\n<li>Copia (anverso y reverso) de la tarjeta de cr\u00e9dito o de cajero autom\u00e1tico para configurar el pago<\/li>\n<\/ul>\n\n\t\t<\/div>\n\t<\/div>\n<\/div><\/div><\/div><\/div><\/section>\n<\/div>","protected":false},"excerpt":{"rendered":"<p>LowWeeklyPayments will never run your credit. Upon review of your application, we may request additional documents to verify some details. These documents\u00a0may include the following Valid Picture ID issue by a US Federal or State Government entity Copy of last paycheck Copy of lease or rental agreement Copy of valid car registration Copy of service&hellip;<\/p>","protected":false},"author":1,"featured_media":0,"parent":0,"menu_order":0,"comment_status":"closed","ping_status":"closed","template":"","meta":{"footnotes":""},"class_list":["post-69","page","type-page","status-publish","hentry","description-off"],"_links":{"self":[{"href":"https:\/\/lowweeklypayments.com\/es\/wp-json\/wp\/v2\/pages\/69","targetHints":{"allow":["GET"]}}],"collection":[{"href":"https:\/\/lowweeklypayments.com\/es\/wp-json\/wp\/v2\/pages"}],"about":[{"href":"https:\/\/lowweeklypayments.com\/es\/wp-json\/wp\/v2\/types\/page"}],"author":[{"embeddable":true,"href":"https:\/\/lowweeklypayments.com\/es\/wp-json\/wp\/v2\/users\/1"}],"replies":[{"embeddable":true,"href":"https:\/\/lowweeklypayments.com\/es\/wp-json\/wp\/v2\/comments?post=69"}],"version-history":[{"count":8,"href":"https:\/\/lowweeklypayments.com\/es\/wp-json\/wp\/v2\/pages\/69\/revisions"}],"predecessor-version":[{"id":205,"href":"https:\/\/lowweeklypayments.com\/es\/wp-json\/wp\/v2\/pages\/69\/revisions\/205"}],"wp:attachment":[{"href":"https:\/\/lowweeklypayments.com\/es\/wp-json\/wp\/v2\/media?parent=69"}],"curies":[{"name":"wp","href":"https:\/\/api.w.org\/{rel}","templated":true}]}}