{"id":71,"date":"2021-04-02T23:20:10","date_gmt":"2021-04-02T23:20:10","guid":{"rendered":"http:\/\/lowweeklypayments.com\/?page_id=71"},"modified":"2021-04-09T15:01:02","modified_gmt":"2021-04-09T20:01:02","slug":"lowest-price-guarantee","status":"publish","type":"page","link":"https:\/\/lowweeklypayments.com\/es\/lowest-price-guarantee\/","title":{"rendered":"Garant\u00eda del precio m\u00e1s bajo"},"content":{"rendered":"<div class=\"wpb-content-wrapper\"><section class=\"vc_section\"><div class=\"vc_row wpb_row vc_row-fluid\"><div class=\"wpb_column vc_column_container vc_col-sm-12\"><div class=\"vc_column-inner\"><div class=\"wpb_wrapper\">\n\t<div class=\"wpb_text_column wpb_content_element\" >\n\t\t<div class=\"wpb_wrapper\">\n\t\t\t<p>Si alg\u00fan cliente tiene un contrato de alquiler con opci\u00f3n a compra activo con cualquier competidor, superaremos el precio total del contrato en al menos un 10% en un producto de igual valor y condici\u00f3n. Garantizado. \u00a1Ni siquiera es necesario que sea exactamente el mismo producto!; solo necesita ser de igual valor y condici\u00f3n. Tenga en cuenta que el cliente debe pasar por el mismo proceso de aprobaci\u00f3n que todos los dem\u00e1s clientes nuevos.<\/p>\n\n\t\t<\/div>\n\t<\/div>\n<\/div><\/div><\/div><\/div><\/section>\n<\/div>","protected":false},"excerpt":{"rendered":"<p>If any customer has an active rent-to-own agreement with any competitor, we will beat the total agreement price by at least 10% on a product of equal value and condition. Guaranteed. It doesn\u2019t even need to be the exact same product; it only needs to be of equal value and condition. Please note that the&hellip;<\/p>","protected":false},"author":1,"featured_media":0,"parent":0,"menu_order":0,"comment_status":"closed","ping_status":"closed","template":"","meta":{"footnotes":""},"class_list":["post-71","page","type-page","status-publish","hentry","description-off"],"_links":{"self":[{"href":"https:\/\/lowweeklypayments.com\/es\/wp-json\/wp\/v2\/pages\/71","targetHints":{"allow":["GET"]}}],"collection":[{"href":"https:\/\/lowweeklypayments.com\/es\/wp-json\/wp\/v2\/pages"}],"about":[{"href":"https:\/\/lowweeklypayments.com\/es\/wp-json\/wp\/v2\/types\/page"}],"author":[{"embeddable":true,"href":"https:\/\/lowweeklypayments.com\/es\/wp-json\/wp\/v2\/users\/1"}],"replies":[{"embeddable":true,"href":"https:\/\/lowweeklypayments.com\/es\/wp-json\/wp\/v2\/comments?post=71"}],"version-history":[{"count":4,"href":"https:\/\/lowweeklypayments.com\/es\/wp-json\/wp\/v2\/pages\/71\/revisions"}],"predecessor-version":[{"id":193,"href":"https:\/\/lowweeklypayments.com\/es\/wp-json\/wp\/v2\/pages\/71\/revisions\/193"}],"wp:attachment":[{"href":"https:\/\/lowweeklypayments.com\/es\/wp-json\/wp\/v2\/media?parent=71"}],"curies":[{"name":"wp","href":"https:\/\/api.w.org\/{rel}","templated":true}]}}