{"id":77,"date":"2021-04-02T23:25:51","date_gmt":"2021-04-02T23:25:51","guid":{"rendered":"http:\/\/lowweeklypayments.com\/?page_id=77"},"modified":"2022-06-02T17:18:11","modified_gmt":"2022-06-02T22:18:11","slug":"terms-of-use","status":"publish","type":"page","link":"https:\/\/lowweeklypayments.com\/es\/terms-of-use\/","title":{"rendered":"T\u00e9rminos de uso"},"content":{"rendered":"<div class=\"wpb-content-wrapper\"><section class=\"vc_section\"><div class=\"vc_row wpb_row vc_row-fluid\"><div class=\"wpb_column vc_column_container vc_col-sm-12\"><div class=\"vc_column-inner\"><div class=\"wpb_wrapper\">\n\t<div class=\"wpb_text_column wpb_content_element\" >\n\t\t<div class=\"wpb_wrapper\">\n\t\t\t<p>Estos T\u00e9rminos de uso (\"Acuerdo\") rigen su uso de <a href=\"https:\/\/lowweeklypayments.com\/es\/\">www.lowweeklypayments.com<\/a>, All Prepaid\u00a0 LLC, their parent company, subsidiaries and affiliates, agents or assigns (collectively, of &#8220;<a href=\"https:\/\/lowweeklypayments.com\/es\/\">www.lowweeklypayments.com<\/a>\", \"nosotros\u201d o \"nuestro\"), sitio web y (\"Sitio\") y, seg\u00fan corresponda, quioscos en el sitio para (a) registrarse para obtener una cuenta, (b) solicitar un contrato de arrendamiento o alquiler con opci\u00f3n a compra, (c ) arrendar o alquilar cualquier producto, (d) pedir, devolver o cambiar productos y \/ o (e) solicitar informaci\u00f3n sobre nuestros productos y servicios (colectivamente, \"Servicios\").<\/p>\n<p>SI NO EST\u00c1 DE ACUERDO CON ALGUNO DE LOS T\u00c9RMINOS DE ESTE ACUERDO, NO ACCEDA NI UTILICE DE OTRA MANERA EL SITIO O CUALQUIER INFORMACI\u00d3N CONTENIDA EN ELLO, INCLUYENDO LOS SERVICIOS. EL USO DEL SITIO SE CONSIDERAR\u00c1 COMO (Y SI ACT\u00daA EN NOMBRE DE UN TERCERO, EL TERCERO) ACUERDA CUMPLIR CON CADA UNO DE LOS T\u00c9RMINOS ESTABLECIDOS A CONTINUACI\u00d3N.<\/p>\n<p>Usted acepta utilizar este sitio web solo con el fin de acceder a los \"Servicios\" tal como se definen en este documento. Este Acuerdo complementa cualquier otro acuerdo que rija o se relacione con su arrendamiento o alquiler de cualquier producto (\"Acuerdo sustantivo\"). Sin embargo, en caso de conflicto entre este Acuerdo y cualquier Acuerdo Sustantivo, prevalecer\u00e1 el Acuerdo Sustantivo.<\/p>\n<p>El Sitio puede cambiar de vez en cuando y este Acuerdo puede actualizarse para reflejar dichos cambios. Su uso de los Servicios, una vez modificado, constituye su aceptaci\u00f3n de cualquier cambio a este Acuerdo.<\/p>\n<p>1. SERVICIOS<\/p>\n<p><strong>Env\u00edo de solicitudes a trav\u00e9s del sitio.<\/strong> Para acceder al Sitio y enviar y revisar solicitudes de arrendamiento o alquiler de cualquier producto. necesitar\u00e1 una conexi\u00f3n que funcione a Internet a trav\u00e9s de un navegador web en su computadora (si corresponde) y requerir\u00e1 el uso de una direcci\u00f3n de correo electr\u00f3nico actual y v\u00e1lida (consulte \"Consentimiento y divulgaci\u00f3n de comunicaci\u00f3n electr\u00f3nica\" para obtener m\u00e1s informaci\u00f3n sobre c\u00f3mo confiamos una vez que su direcci\u00f3n de correo electr\u00f3nico est\u00e9 actualizada y los correos electr\u00f3nicos que le enviaremos). Usted es responsable de todos los costos, gastos y tarifas relacionados con su acceso a los Servicios. Le ayudamos a proteger la seguridad de su informaci\u00f3n solicit\u00e1ndole que autentique su identidad mediante una identificaci\u00f3n con foto y otras identificaciones gubernamentales y no gubernamentales, que pueden incluir, entre otros, pasaporte, identificaci\u00f3n militar y tarjeta de votaci\u00f3n.<\/p>\n<p>Una vez que haya realizado correctamente la prueba de identificaci\u00f3n; usted podr\u00e1:<\/p>\n<ul>\n<li>Presentar nuevas solicitudes de productos y servicios,<\/li>\n<li>Solicitar acuerdos de alquiler-compra para aplicaciones aprobadas; y<\/li>\n<li>Firmar electr\u00f3nicamente contratos de pr\u00e9stamo o alquiler con opci\u00f3n a compra.<\/li>\n<\/ul>\n<p><strong>Su direcci\u00f3n de correo electr\u00f3nico.<\/strong> Usted acepta mantener o actualizar la direcci\u00f3n de correo electr\u00f3nico que nos proporciona cuando se registra por primera vez para obtener la aprobaci\u00f3n del acuerdo de alquiler con opci\u00f3n a compra. Usamos su direcci\u00f3n de correo electr\u00f3nico para comunicarnos con usted electr\u00f3nicamente. El correo electr\u00f3nico no es seguro y usted comprende que existen riesgos asociados con la comunicaci\u00f3n a trav\u00e9s del correo electr\u00f3nico, incluida la posibilidad de acceso no autorizado, la imposibilidad de recibir correos electr\u00f3nicos porque se han enviado incorrectamente o enviado a una carpeta de correo no deseado y su incapacidad para acceder al correo electr\u00f3nico debido a cortes de energ\u00eda, fallas de hardware o software, o fallas de su computadora o dispositivo m\u00f3vil, o asuntos que afecten a Internet o su acceso a Internet. No conf\u00ede en el correo electr\u00f3nico si necesita contactarnos de inmediato. Por razones de seguridad, es posible que no podamos responder a determinadas solicitudes de correo electr\u00f3nico.<\/p>\n<p><strong>Autenticaci\u00f3n y seguridad.<\/strong> Le ayudamos a proteger la seguridad de su informaci\u00f3n solicit\u00e1ndole que autentique su identidad (es decir, que demuestre que es quien dice ser) cada vez que inicie sesi\u00f3n para acceder a los Servicios. Usted reconoce y acepta que no compartir\u00e1 sus credenciales de inicio de sesi\u00f3n con ninguna otra persona, y que confiaremos en cualquier uso de sus credenciales de inicio de sesi\u00f3n y constituir\u00e1 su autorizaci\u00f3n para completar cualquier transacci\u00f3n que se solicite. Usted acepta que si le da sus credenciales de inicio de sesi\u00f3n y \/ o acceso a un dispositivo reconocido a otra persona, est\u00e1 autorizando a esa persona a realizar transacciones en su nombre y usted es responsable de su actividad en este sitio web. Esto significa que debe mantener sus credenciales de inicio de sesi\u00f3n personales y confidenciales, y no revelar esta informaci\u00f3n a ninguna otra persona, a menos que haya autorizado a esa persona a actuar en su nombre. Es una buena idea proteger su seguridad cerrando siempre su navegador web despu\u00e9s de cerrar la sesi\u00f3n de los Servicios.<\/p>\n<p>Contacting Us About Technical Issues. You can always contact us at (786)-383-9318 or <u>help@lowweeklypayments.com<\/u> con respecto a problemas t\u00e9cnicos con el Sitio.<\/p>\n<p>2. LIMITACIONES, RESPONSABILIDADES Y RECURSOS DE LOS SERVICIOS<\/p>\n<p>Esta secci\u00f3n proporciona informaci\u00f3n importante sobre c\u00f3mo su uso de los Servicios es limitado, c\u00f3mo nuestras responsabilidades con usted son limitadas, cualquier responsabilidad relacionada que pueda tener o incurrir, y sus recursos disponibles.<\/p>\n<p><strong>Responsabilidad por actividad no autorizada.<\/strong> Si cree que los Servicios se han utilizado sin su permiso, debe informarnos de inmediato. Llamarnos por tel\u00e9fono es la mejor manera de reducir al m\u00ednimo sus posibles p\u00e9rdidas. Ll\u00e1menos al (786) -383-9318 para informar el acceso no autorizado. Si no nos notifica, puede ser responsable de toda actividad no autorizada en su cuenta.<\/p>\n<p><strong>Oportunidad de la informaci\u00f3n.<\/strong> La informaci\u00f3n de la cuenta que obtiene a trav\u00e9s de los Servicios estar\u00e1 actualizada al cierre del d\u00eda h\u00e1bil anterior.<\/p>\n<p><strong>Disponibilidad de los Servicios.<\/strong> De vez en cuando, debido a la realizaci\u00f3n del mantenimiento, mal funcionamiento o fallas del software, equipo o dispositivos de telecomunicaciones, volumen de transacciones inusual o razones similares, los Servicios pueden no estar disponibles para su uso. Intentamos minimizar los per\u00edodos de tiempo durante los cuales los Servicios no est\u00e1n disponibles. Sin embargo, usted acepta que no seremos responsables de ninguna p\u00e9rdida, da\u00f1o, costo o gasto que pueda sufrir o incurrir, directa o indirectamente, debido a la indisponibilidad de los servicios o del servidor, independientemente de si podr\u00edamos haber evitado o reducido la duraci\u00f3n de dicha indisponibilidad tomando cualquier medida dentro de nuestro control razonable. Tambi\u00e9n acepta que no seremos responsables de ninguna p\u00e9rdida, da\u00f1o, costo o gasto que pueda sufrir o incurrir, directa o indirectamente, como resultado de su incapacidad para acceder al servidor o los Servicios causados directa o indirectamente, en su totalidad o en parte, por su computadora o dispositivo m\u00f3vil, su incapacidad para establecer una conexi\u00f3n a Internet, su Proveedor de Servicios de Internet, o la capacidad u otras limitaciones o restricciones de Internet. Los Servicios no est\u00e1n destinados a ser utilizados por personas en ninguna jurisdicci\u00f3n o pa\u00eds donde sea contrario a la ley o regulaci\u00f3n aplicable. Podemos restringir los Servicios durante los momentos en que se encuentre en un pa\u00eds donde el uso de los Servicios est\u00e9 prohibido.<\/p>\n<p><strong>Denegaci\u00f3n de acceso y terminaci\u00f3n de los servicios.<\/strong> En cualquier momento, con o sin causa, y sin previo aviso, podemos negarle el acceso a los Servicios. Podemos rescindir este Acuerdo y su acceso a los Servicios en su totalidad o en parte en cualquier momento sin previo aviso. Si no hay actividad de inicio de sesi\u00f3n asociada con ninguna de sus cuentas durante un per\u00edodo consecutivo de doce meses, es posible que ya no pueda acceder a los Servicios. En caso de que rescindamos este Acuerdo, se continuar\u00e1 evaluando cualquier solicitud que haya presentado, y cualquier acuerdo de alquiler o arrendamiento existente que tenga con nosotros o los acuerdos de pr\u00e9stamo que tenga a trav\u00e9s de nosotros permanecer\u00e1n en vigor.<\/p>\n<p>3. DISPOSICIONES ADICIONALES<\/p>\n<p><strong>Privacidad y arbitraje.<\/strong> Revise nuestra Pol\u00edtica de privacidad y el Acuerdo de arbitraje en su portal de clientes (si corresponde), que tambi\u00e9n rigen su uso del Sitio y los Servicios, para comprender nuestras pr\u00e1cticas.<\/p>\n<p><strong>Derechos de autor.<\/strong> Todo el contenido incluido o puesto a disposici\u00f3n a trav\u00e9s del Sitio, como texto, gr\u00e1ficos, logotipos, iconos de botones, im\u00e1genes, clips de audio, descargas digitales, compilaciones de datos y software es de nuestra propiedad o propiedad de nuestros proveedores de contenido y est\u00e1 protegido por Estados Unidos y leyes internacionales de derechos de autor. La compilaci\u00f3n de todo el contenido incluido o puesto a disposici\u00f3n a trav\u00e9s del Sitio es de nuestra propiedad exclusiva y est\u00e1 protegido por las leyes de derechos de autor internacionales y estadounidenses.<\/p>\n<p><strong>Marcas comerciales.<\/strong>Los gr\u00e1ficos, logotipos, encabezados de p\u00e1gina, iconos de botones, secuencias de comandos y nombres de servicios incluidos en el Sitio o disponibles a trav\u00e9s del mismo son nuestras marcas comerciales o imagen comercial en los EEUU y otros pa\u00edses. Nuestras marcas registradas y nuestra imagen comercial no pueden usarse en relaci\u00f3n con ning\u00fan producto o servicio que no sea nuestro, de ninguna manera que pueda causar confusi\u00f3n entre los clientes o de cualquier manera que nos menosprecie o desacredite. Todas las dem\u00e1s marcas comerciales que no son de nuestra propiedad y que aparecen en el Sitio son propiedad de sus respectivos due\u00f1os, quienes pueden o no estar afiliados, conectados o patrocinados por nosotros.<\/p>\n<p><strong>Licencia y acceso.<\/strong>Sujeto a su cumplimiento de este Acuerdo, nosotros (o nuestros proveedores de contenido) le otorgamos una licencia limitada, no exclusiva, intransferible y no sub-licenciable para acceder al Sitio y a los Servicios. Esta licencia no incluye ninguna reventa o uso comercial del Sitio o los Servicios, o su contenido; cualquier recopilaci\u00f3n y uso de listados de productos, descripciones o precios; cualquier uso derivado del Sitio; cualquier descarga, copia u otro uso de la informaci\u00f3n de la cuenta en beneficio de un tercero; o cualquier uso de miner\u00eda de datos, robots o herramientas similares de recopilaci\u00f3n y extracci\u00f3n de datos. Todos los derechos no otorgados expresamente a usted en el Acuerdo est\u00e1n reservados y retenidos por nosotros o nuestros licenciantes, proveedores, editores, titulares de derechos u otros proveedores de contenido. Ning\u00fan Servicio, ni ninguna parte del Sitio, puede reproducirse, duplicarse, copiarse, venderse, revenderse, visitarse o explotarse de otra manera para ning\u00fan prop\u00f3sito comercial sin nuestro consentimiento expreso por escrito. No puede enmarcar ni utilizar t\u00e9cnicas de enmarcado para incluir ninguna marca comercial, logotipo u otra informaci\u00f3n de nuestra propiedad (incluidas im\u00e1genes, texto, dise\u00f1o de p\u00e1gina o formulario) sin nuestro consentimiento expreso por escrito. No puede utilizar ninguna meta etiqueta ni ning\u00fan otro \"texto oculto\" que utilice nuestro nombre o marcas comerciales sin nuestro consentimiento expreso por escrito. No puede hacer un mal uso del Sitio o los Servicios. Puede utilizar el Sitio o los Servicios solo seg\u00fan lo permita la ley. Las licencias otorgadas por nosotros terminan si no cumple con este Acuerdo.<\/p>\n<p><strong>Otros negocios.<\/strong> Otras partes adem\u00e1s de nosotros operan tiendas, brindan servicios o proporcionan el alquiler o la compra de productos a trav\u00e9s del Sitio. Adem\u00e1s, podemos proporcionar links a los sitios de empresas afiliadas y otras empresas determinadas. No somos responsables de examinar o evaluar, y no garantizamos las ofertas de ninguna de estas empresas o personas o el contenido de sus sitios web. No asumimos ninguna responsabilidad u obligaci\u00f3n por las acciones, el producto y el contenido de todos estos y otros terceros. Debe revisar cuidadosamente sus declaraciones de privacidad y otras condiciones de uso.<\/p>\n<p><strong>Aviso y procedimiento para realizar reclamaciones por infracci\u00f3n de derechos de autor.<\/strong> De conformidad con el T\u00edtulo 17, C\u00f3digo de los Estados Unidos, Secci\u00f3n 512 (c) (2), las notificaciones de supuestas infracciones de derechos de autor bajo la ley de derechos de autor de los Estados Unidos deben enviarse a nuestro Agente designado. TODAS LAS CONSULTAS QUE NO SEAN RELACIONADAS CON ESTE PROCEDIMIENTO NO RECIBIR\u00c1N RESPUESTA.<\/p>\n<p><strong>Renuncia de garant\u00edas y limitaci\u00f3n de responsabilidad.<\/strong> EL SITIO Y TODA LA INFORMACI\u00d3N, EL CONTENIDO, LOS MATERIALES, LOS PRODUCTOS (INCLUYENDO EL SOFTWARE) Y OTROS SERVICIOS INCLUIDOS O QUE SE HAN PUESTO A SU DISPONIBILIDAD A TRAV\u00c9S DEL SITIO SE PROPORCIONAN \"TAL CUAL\" Y \"SEG\u00daN DISPONIBILIDAD\", A MENOS QUE SE ESPECIFIQUE POR ESCRITO. NO HACEMOS DECLARACIONES NI GARANT\u00cdAS DE NING\u00daN TIPO, EXPRESAS O IMPL\u00cdCITAS, EN CUANTO AL FUNCIONAMIENTO DEL SITIO, O LA INFORMACI\u00d3N, CONTENIDO, MATERIALES, PRODUCTOS (INCLUYENDO EL SOFTWARE) U OTROS SERVICIOS INCLUIDOS O QUE DE OTRA FORMA SE HAN DISPONIBLE PARA USTED A TRAV\u00c9S DEL SITIO O SERVICIOS, A MENOS QUE SE ESPECIFIQUE LO CONTRARIO POR ESCRITO. USTED ACEPTA EXPRESAMENTE QUE EL USO DEL SITIO Y LOS SERVICIOS ES BAJO SU PROPIO RIESGO.<\/p>\n<p>EN LA MEDIDA EN QUE LO PERMITA LA LEY APLICABLE, RECHAZAMOS TODAS LAS GARANT\u00cdAS, EXPRESAS O IMPL\u00cdCITAS, INCLUYENDO, PERO NO LIMITADO A, LAS GARANT\u00cdAS IMPL\u00cdCITAS DE COMERCIABILIDAD E IDONEIDAD PARA UN PROP\u00d3SITO PARTICULAR. NO GARANTIZAMOS QUE EL SITIO, LA INFORMACI\u00d3N, EL CONTENIDO, LOS MATERIALES, LOS PRODUCTOS (INCLUYENDO EL SOFTWARE) U OTROS SERVICIOS INCLUIDOS O QUE DE OTRA MANERA EST\u00c9N A SU DISPONIBILIDAD A TRAV\u00c9S DEL SITIO, NUESTROS SERVIDORES O COMUNICACIONES ELECTR\u00d3NICAS ENVIADOS DE NOSOTROS EST\u00c1N LIBRES DE VIRUS U OTROS COMPONENTES DA\u00d1INOS. NO SEREMOS RESPONSABLES DE NING\u00daN DA\u00d1O DE NING\u00daN TIPO QUE SURJA DEL USO DE CUALQUIER SITIO, O DE CUALQUIER INFORMACI\u00d3N, CONTENIDO, MATERIALES, PRODUCTOS (INCLUYENDO EL SOFTWARE) U OTROS SERVICIOS INCLUIDOS O QUE DE OTRA FORMA EST\u00c9N DISPONIBLES A TRAV\u00c9S DEL SITIO, INCLUYENDO, PERO NO LIMITADO A DA\u00d1OS DIRECTOS, INDIRECTOS, INCIDENTALES, PUNITIVOS Y CONSECUENTES, A MENOS QUE SE ESPECIFIQUE LO CONTRARIO POR ESCRITO.<\/p>\n<p>&nbsp;<\/p>\n<p>CIERTAS LEYES ESTATALES NO PERMITEN LIMITACIONES DE GARANT\u00cdAS IMPL\u00cdCITAS O LA EXCLUSI\u00d3N O LIMITACI\u00d3N DE CIERTOS DA\u00d1OS. SI ESTAS LEYES SE APLICAN EN SU CASO, ALGUNAS O TODAS LAS EXENCIONES DE RESPONSABILIDAD, EXCLUSIONES O LIMITACIONES ANTERIORES PUEDEN NO APLICARSE EN SU CASO, Y PUEDE TENER DERECHOS ADICIONALES.<\/p>\n<p><strong>Cambios a este Acuerdo.<\/strong> Usted acepta que de vez en cuando podemos modificar todo o parte de este Acuerdo, incluido, entre otros, el establecimiento, el aumento o la disminuci\u00f3n de las tarifas y los cargos por los Servicios y la adici\u00f3n de caracter\u00edsticas y funcionalidades adicionales. Le notificaremos electr\u00f3nicamente de cualquier cambio a este Acuerdo, si as\u00ed lo requiere la ley aplicable. Su uso del Sitio y los Servicios o cualquier servicio o servicios adicionales despu\u00e9s de la fecha de vigencia del cambio constituir\u00e1 su aceptaci\u00f3n de estar sujeto a los t\u00e9rminos del cambio. Tambi\u00e9n debe revisar este Acuerdo peri\u00f3dicamente para ver si hay cambios.<\/p>\n<p><strong>Ley que rige.<\/strong> Este Acuerdo, el uso del Sitio y los Servicios, a menos que se indique lo contrario en el acuerdo aplicable, se regir\u00e1n por las leyes de los Estados Unidos y el Estado de Florida sin dar efecto a ning\u00fan conflicto de leyes en sentido contrario.<\/p>\n<p><strong>Divisibilidad y t\u00edtulos.<\/strong> Si alguno de los t\u00e9rminos de este Acuerdo cambia debido a la ley aplicable o se declara inv\u00e1lido por orden de un tribunal, los t\u00e9rminos restantes de este Acuerdo no se ver\u00e1n afectados y este Acuerdo se interpretar\u00e1 como si los t\u00e9rminos inv\u00e1lidos no se hubieran incluido en este Acuerdo. Los t\u00edtulos de este Acuerdo est\u00e1n destinados \u00fanicamente a ayudar a organizar este Acuerdo.<\/p>\n<p><strong>T\u00e9rminos y condiciones adicionales:<\/strong><\/p>\n<ol>\n<li>En este sitio, utilizamos los t\u00e9rminos \"Acuerdo de alquiler con opci\u00f3n a compra\" y \"Acuerdo\" de la misma manera. Tambi\u00e9n podemos usar el t\u00e9rmino \"Arrendamiento\" indistintamente. Conforme a su contrato de arrendamiento, puede: (a) realizar todos los pagos semanales como se indica en el contrato de alquiler con opci\u00f3n a compra para adquirir la propiedad de los bienes alquilados o (b) alquilar los bienes por un per\u00edodo m\u00ednimo de al menos 6 semanas de pagos y luego finalizar el contrato de arrendamiento cuando lo desee, cancelando el saldo restante o devolviendo la mercanc\u00eda.<\/li>\n<li>La oferta de entrega gratuita se aplica a la entrega programada de algunos de los principales productos electr\u00f3nicos de consumo y muebles para el hogar. Usted es responsable de cualquier cargo adicional de instalaci\u00f3n, mano de obra extensa o piezas adicionales que puedan ser necesarias para algunos electrodom\u00e9sticos importantes, incluidos refrigeradores, lavadoras y secadoras, estufas y hornos, microondas y lavavajillas. El tiempo de entrega variar\u00e1 seg\u00fan la direcci\u00f3n de entrega y la disponibilidad del inventario.<\/li>\n<li>No es necesario un buen cr\u00e9dito, pero no se aprueba a todas las personas con mal cr\u00e9dito. Nuestro objetivo es ayudar a los consumidores con mal cr\u00e9dito a obtener los bienes que desean a trav\u00e9s de un contrato de alquiler con opci\u00f3n a compra.<\/li>\n<li>A nuestro exclusivo criterio, es posible que se requiera un pago inicial de una semana al comienzo de un nuevo Acuerdo.<\/li>\n<li>Usted ser\u00e1 el propietario de los art\u00edculos y no tendr\u00e1 que pagar ning\u00fan monto adicional si paga el valor total del contrato de alquiler con opci\u00f3n a compra m\u00e1s los impuestos sobre las ventas. Esto puede ser m\u00e1s alto que el precio que pagar\u00eda si comprara los art\u00edculos directamente.<\/li>\n<li>Usted acepta cumplir con todas las leyes y regulaciones nacionales e internacionales aplicables con respecto al uso de nuestros Servicios.<\/li>\n<\/ol>\n\n\t\t<\/div>\n\t<\/div>\n<\/div><\/div><\/div><\/div><\/section>\n<\/div>","protected":false},"excerpt":{"rendered":"<p>This Terms of Use (\u201cAgreement\u201d) governs your use of www.lowweeklypayments.com, All Prepaid\u00a0 LLC, their parent company, subsidiaries and affiliates, agents or assigns (collectively, of &#8220;www.lowweeklypayments.com,\u201d \u201cwe,\u201d \u201cus,\u201d or \u201cour\u201d), website and (\u201cSite\u201d) and, as applicable, on-site kiosks to (a) register for an account, (b) apply for a lease or Rent to Own agreement, (c) lease&hellip;<\/p>","protected":false},"author":1,"featured_media":0,"parent":0,"menu_order":0,"comment_status":"closed","ping_status":"closed","template":"","meta":{"footnotes":""},"class_list":["post-77","page","type-page","status-publish","hentry","description-off"],"_links":{"self":[{"href":"https:\/\/lowweeklypayments.com\/es\/wp-json\/wp\/v2\/pages\/77","targetHints":{"allow":["GET"]}}],"collection":[{"href":"https:\/\/lowweeklypayments.com\/es\/wp-json\/wp\/v2\/pages"}],"about":[{"href":"https:\/\/lowweeklypayments.com\/es\/wp-json\/wp\/v2\/types\/page"}],"author":[{"embeddable":true,"href":"https:\/\/lowweeklypayments.com\/es\/wp-json\/wp\/v2\/users\/1"}],"replies":[{"embeddable":true,"href":"https:\/\/lowweeklypayments.com\/es\/wp-json\/wp\/v2\/comments?post=77"}],"version-history":[{"count":6,"href":"https:\/\/lowweeklypayments.com\/es\/wp-json\/wp\/v2\/pages\/77\/revisions"}],"predecessor-version":[{"id":292,"href":"https:\/\/lowweeklypayments.com\/es\/wp-json\/wp\/v2\/pages\/77\/revisions\/292"}],"wp:attachment":[{"href":"https:\/\/lowweeklypayments.com\/es\/wp-json\/wp\/v2\/media?parent=77"}],"curies":[{"name":"wp","href":"https:\/\/api.w.org\/{rel}","templated":true}]}}